{"id":288,"date":"2020-11-24T17:24:32","date_gmt":"2020-11-24T16:24:32","guid":{"rendered":"http:\/\/compagniestaccato.com\/?page_id=288"},"modified":"2021-01-10T17:11:34","modified_gmt":"2021-01-10T16:11:34","slug":"spectacle-3","status":"publish","type":"page","link":"https:\/\/compagniestaccato.com\/index.php\/spectacle-3\/","title":{"rendered":"2002\/2006"},"content":{"rendered":"\t\t<div data-elementor-type=\"wp-page\" data-elementor-id=\"288\" class=\"elementor elementor-288\">\n\t\t\t\t\t\t\t\t\t<section class=\"elementor-section elementor-top-section elementor-element elementor-element-47951edc elementor-section-content-middle elementor-section-full_width elementor-section-height-default elementor-section-height-default\" data-id=\"47951edc\" data-element_type=\"section\">\n\t\t\t\t\t\t<div class=\"elementor-container elementor-column-gap-narrow\">\n\t\t\t\t\t<div class=\"elementor-column elementor-col-33 elementor-top-column elementor-element elementor-element-35b33910\" data-id=\"35b33910\" data-element_type=\"column\">\n\t\t\t<div class=\"elementor-widget-wrap elementor-element-populated\">\n\t\t\t\t\t\t\t\t<div class=\"elementor-element elementor-element-2eed037 elementor-widget elementor-widget-text-editor\" data-id=\"2eed037\" data-element_type=\"widget\" data-widget_type=\"text-editor.default\">\n\t\t\t\t<div class=\"elementor-widget-container\">\n\t\t\t\t\t\t\t<p><strong>SPECTACLES MUSICAUX\u00a0<\/strong><\/p>\t\t\t\t\t\t<\/div>\n\t\t\t\t<\/div>\n\t\t\t\t<div class=\"elementor-element elementor-element-d5c025c elementor-widget elementor-widget-image\" data-id=\"d5c025c\" data-element_type=\"widget\" data-widget_type=\"image.default\">\n\t\t\t\t<div class=\"elementor-widget-container\">\n\t\t\t\t\t\t\t\t\t\t\t\t\t\t\t<img loading=\"lazy\" decoding=\"async\" width=\"320\" height=\"206\" src=\"https:\/\/compagniestaccato.com\/wp-content\/uploads\/2020\/11\/Brecht-1-flic.jpg\" class=\"elementor-animation-grow attachment-large size-large wp-image-310\" alt=\"\" srcset=\"https:\/\/compagniestaccato.com\/wp-content\/uploads\/2020\/11\/Brecht-1-flic.jpg 320w, https:\/\/compagniestaccato.com\/wp-content\/uploads\/2020\/11\/Brecht-1-flic-300x193.jpg 300w\" sizes=\"auto, (max-width: 320px) 100vw, 320px\" \/>\t\t\t\t\t\t\t\t\t\t\t\t\t\t\t<\/div>\n\t\t\t\t<\/div>\n\t\t\t\t<div class=\"elementor-element elementor-element-33e7072 elementor-widget elementor-widget-text-editor\" data-id=\"33e7072\" data-element_type=\"widget\" data-widget_type=\"text-editor.default\">\n\t\t\t\t<div class=\"elementor-widget-container\">\n\t\t\t\t\t\t\t\t\t\t\t\t\t<\/div>\n\t\t\t\t<\/div>\n\t\t\t\t<div class=\"elementor-element elementor-element-531e960 elementor-widget elementor-widget-heading\" data-id=\"531e960\" data-element_type=\"widget\" data-widget_type=\"heading.default\">\n\t\t\t\t<div class=\"elementor-widget-container\">\n\t\t\t<h3 class=\"elementor-heading-title elementor-size-small\"><b>LA BONNE AME DU  SE-TCHOUAN<\/b><br><br>\n\nB.BRECHT<br><br>\n\nCr\u00e9\u00e9 en 2002<br><br><br>\nMise en sc\u00e8ne  de Thierry Barbet<br><br>\nDramaturgie : Sylvette Angebaud<br><br>\nAvec Brigitte Stanislas, Bertrand D\u00e9sert, Th\u00e9r\u00e8se Jaslet, H\u00e9l\u00e8ne Bothorel, Philippe Robert<br><br>\nD\u00e9cors: Erwann Lefloch<br><br>\nLumi\u00e8res : Yann Duclos<\/h3>\t\t<\/div>\n\t\t\t\t<\/div>\n\t\t\t\t\t<\/div>\n\t\t<\/div>\n\t\t\t\t<div class=\"elementor-column elementor-col-33 elementor-top-column elementor-element elementor-element-39215177\" data-id=\"39215177\" data-element_type=\"column\">\n\t\t\t<div class=\"elementor-widget-wrap elementor-element-populated\">\n\t\t\t\t\t\t\t\t<div class=\"elementor-element elementor-element-2cb09104 elementor-widget elementor-widget-image\" data-id=\"2cb09104\" data-element_type=\"widget\" data-widget_type=\"image.default\">\n\t\t\t\t<div class=\"elementor-widget-container\">\n\t\t\t\t\t\t\t\t\t\t\t\t\t\t\t<img loading=\"lazy\" decoding=\"async\" width=\"632\" height=\"1024\" src=\"https:\/\/compagniestaccato.com\/wp-content\/uploads\/2020\/11\/Photos-la-bonne-ame-010-632x1024.jpg\" class=\"elementor-animation-grow attachment-large size-large wp-image-202\" alt=\"\" srcset=\"https:\/\/compagniestaccato.com\/wp-content\/uploads\/2020\/11\/Photos-la-bonne-ame-010-632x1024.jpg 632w, https:\/\/compagniestaccato.com\/wp-content\/uploads\/2020\/11\/Photos-la-bonne-ame-010-185x300.jpg 185w, https:\/\/compagniestaccato.com\/wp-content\/uploads\/2020\/11\/Photos-la-bonne-ame-010-768x1244.jpg 768w, https:\/\/compagniestaccato.com\/wp-content\/uploads\/2020\/11\/Photos-la-bonne-ame-010.jpg 800w\" sizes=\"auto, (max-width: 632px) 100vw, 632px\" \/>\t\t\t\t\t\t\t\t\t\t\t\t\t\t\t<\/div>\n\t\t\t\t<\/div>\n\t\t\t\t<div class=\"elementor-element elementor-element-3cd9de67 elementor-widget elementor-widget-text-editor\" data-id=\"3cd9de67\" data-element_type=\"widget\" data-widget_type=\"text-editor.default\">\n\t\t\t\t<div class=\"elementor-widget-container\">\n\t\t\t\t\t\t\t<p lang=\"zxx\">U<b>N BEAU SALAUD <\/b><\/p><p lang=\"zxx\">B.BRECHT<\/p><p lang=\"zxx\">Cr\u00e9\u00e9 en 2004<\/p><p lang=\"zxx\">Mise en sc\u00e8ne ; Fran\u00e7ois Armandin<\/p><p lang=\"zxx\">Avec Sophie Vanderkerckove et H\u00e9l\u00e8ne Bothorel<\/p><p lang=\"zxx\">Lumi\u00e8res: Yann Duclos<\/p>\t\t\t\t\t\t<\/div>\n\t\t\t\t<\/div>\n\t\t\t\t<div class=\"elementor-element elementor-element-5be4ba2 elementor-widget elementor-widget-image\" data-id=\"5be4ba2\" data-element_type=\"widget\" data-widget_type=\"image.default\">\n\t\t\t\t<div class=\"elementor-widget-container\">\n\t\t\t\t\t\t\t\t\t\t\t\t\t\t\t<img loading=\"lazy\" decoding=\"async\" width=\"150\" height=\"150\" src=\"https:\/\/compagniestaccato.com\/wp-content\/uploads\/2020\/11\/MOTS-et-notes-1-150x150.jpg\" class=\"attachment-thumbnail size-thumbnail wp-image-36\" alt=\"\" \/>\t\t\t\t\t\t\t\t\t\t\t\t\t\t\t<\/div>\n\t\t\t\t<\/div>\n\t\t\t\t<div class=\"elementor-element elementor-element-d8f4474 elementor-widget elementor-widget-text-editor\" data-id=\"d8f4474\" data-element_type=\"widget\" data-widget_type=\"text-editor.default\">\n\t\t\t\t<div class=\"elementor-widget-container\">\n\t\t\t\t\t\t\t\t\t\t\t\t\t<\/div>\n\t\t\t\t<\/div>\n\t\t\t\t<div class=\"elementor-element elementor-element-d39df47 elementor-widget elementor-widget-heading\" data-id=\"d39df47\" data-element_type=\"widget\" data-widget_type=\"heading.default\">\n\t\t\t\t<div class=\"elementor-widget-container\">\n\t\t\t<h5 class=\"elementor-heading-title elementor-size-small\"><b>MOTS ET NOTES EN SCENES<\/b>\n<br>\nCr\u00e9\u00e9 en 2004<br>\n<br>\nLecture-spectacle musicale <br>(\u00e0 partir de 7\/11 ans)<br>\n<br>\nAvec H\u00e9l\u00e8ne Bothorel et Philippe Robert<br><br>\n\n4 textes pour aborder 4 styles de musiques:<br>\nUne lecture interpr\u00e9t\u00e9e, truff\u00e9e de rythmes et de chants, lyriques, jazz, raps...\n<\/h5>\t\t<\/div>\n\t\t\t\t<\/div>\n\t\t\t\t<div class=\"elementor-element elementor-element-f0ea4be elementor-widget elementor-widget-text-editor\" data-id=\"f0ea4be\" data-element_type=\"widget\" data-widget_type=\"text-editor.default\">\n\t\t\t\t<div class=\"elementor-widget-container\">\n\t\t\t\t\t\t\t\t\t\t\t\t\t<\/div>\n\t\t\t\t<\/div>\n\t\t\t\t\t<\/div>\n\t\t<\/div>\n\t\t\t\t<div class=\"elementor-column elementor-col-33 elementor-top-column elementor-element elementor-element-f3a61ff\" data-id=\"f3a61ff\" data-element_type=\"column\">\n\t\t\t<div class=\"elementor-widget-wrap elementor-element-populated\">\n\t\t\t\t\t\t\t\t<div class=\"elementor-element elementor-element-4db06cb5 elementor-widget elementor-widget-image\" data-id=\"4db06cb5\" data-element_type=\"widget\" data-widget_type=\"image.default\">\n\t\t\t\t<div class=\"elementor-widget-container\">\n\t\t\t\t\t\t\t\t\t\t\t\t\t\t\t<img loading=\"lazy\" decoding=\"async\" width=\"320\" height=\"215\" src=\"https:\/\/compagniestaccato.com\/wp-content\/uploads\/2020\/11\/solil.jpg\" class=\"elementor-animation-grow attachment-full size-full wp-image-314\" alt=\"\" srcset=\"https:\/\/compagniestaccato.com\/wp-content\/uploads\/2020\/11\/solil.jpg 320w, https:\/\/compagniestaccato.com\/wp-content\/uploads\/2020\/11\/solil-300x202.jpg 300w\" sizes=\"auto, (max-width: 320px) 100vw, 320px\" \/>\t\t\t\t\t\t\t\t\t\t\t\t\t\t\t<\/div>\n\t\t\t\t<\/div>\n\t\t\t\t<div class=\"elementor-element elementor-element-a03e066 elementor-widget elementor-widget-text-editor\" data-id=\"a03e066\" data-element_type=\"widget\" data-widget_type=\"text-editor.default\">\n\t\t\t\t<div class=\"elementor-widget-container\">\n\t\t\t\t\t\t\t<p lang=\"zxx\"><strong>SOLILOQUE<\/strong><\/p><p lang=\"zxx\">Cr\u00e9\u00e9 en 2006<\/p><p lang=\"zxx\">Texte : H\u00e9l\u00e8ne Bothorel<\/p><p lang=\"zxx\">Mise en sc\u00e8ne : Eddy Del Pino<\/p><p lang=\"zxx\">Costume et d\u00e9cors: Alain Burkarth<\/p><p lang=\"zxx\">Lumi\u00e8res : Yann Duclos<\/p><p lang=\"zxx\">Avec H\u00e9l\u00e8ne Bothorel, Philippe Robert<\/p><p lang=\"zxx\">Soutiens: R\u00e9gion Bretagne, Conseil G\u00e9n\u00e9ral 35, Ville de Rennes<\/p>\t\t\t\t\t\t<\/div>\n\t\t\t\t<\/div>\n\t\t\t\t\t<\/div>\n\t\t<\/div>\n\t\t\t\t\t\t\t<\/div>\n\t\t<\/section>\n\t\t\t\t\t\t\t<\/div>\n\t\t","protected":false},"excerpt":{"rendered":"<p>SPECTACLES MUSICAUX\u00a0 LA BONNE AME DU SE-TCHOUAN B.BRECHT Cr\u00e9\u00e9 en 2002 Mise en sc\u00e8ne de Thierry Barbet Dramaturgie : Sylvette Angebaud Avec Brigitte Stanislas, Bertrand D\u00e9sert, Th\u00e9r\u00e8se Jaslet, H\u00e9l\u00e8ne Bothorel, Philippe Robert D\u00e9cors: Erwann Lefloch Lumi\u00e8res : Yann Duclos UN BEAU SALAUD B.BRECHT Cr\u00e9\u00e9 en 2004 Mise en sc\u00e8ne ; Fran\u00e7ois Armandin Avec Sophie Vanderkerckove [&hellip;]<\/p>\n","protected":false},"author":1,"featured_media":0,"parent":0,"menu_order":0,"comment_status":"closed","ping_status":"closed","template":"","meta":{"ocean_post_layout":"","ocean_both_sidebars_style":"","ocean_both_sidebars_content_width":0,"ocean_both_sidebars_sidebars_width":0,"ocean_sidebar":"0","ocean_second_sidebar":"0","ocean_disable_margins":"enable","ocean_add_body_class":"","ocean_shortcode_before_top_bar":"","ocean_shortcode_after_top_bar":"","ocean_shortcode_before_header":"","ocean_shortcode_after_header":"","ocean_has_shortcode":"","ocean_shortcode_after_title":"","ocean_shortcode_before_footer_widgets":"","ocean_shortcode_after_footer_widgets":"","ocean_shortcode_before_footer_bottom":"","ocean_shortcode_after_footer_bottom":"","ocean_display_top_bar":"default","ocean_display_header":"default","ocean_header_style":"","ocean_center_header_left_menu":"0","ocean_custom_header_template":"0","ocean_custom_logo":0,"ocean_custom_retina_logo":0,"ocean_custom_logo_max_width":0,"ocean_custom_logo_tablet_max_width":0,"ocean_custom_logo_mobile_max_width":0,"ocean_custom_logo_max_height":0,"ocean_custom_logo_tablet_max_height":0,"ocean_custom_logo_mobile_max_height":0,"ocean_header_custom_menu":"0","ocean_menu_typo_font_family":"0","ocean_menu_typo_font_subset":"","ocean_menu_typo_font_size":0,"ocean_menu_typo_font_size_tablet":0,"ocean_menu_typo_font_size_mobile":0,"ocean_menu_typo_font_size_unit":"px","ocean_menu_typo_font_weight":"","ocean_menu_typo_font_weight_tablet":"","ocean_menu_typo_font_weight_mobile":"","ocean_menu_typo_transform":"","ocean_menu_typo_transform_tablet":"","ocean_menu_typo_transform_mobile":"","ocean_menu_typo_line_height":0,"ocean_menu_typo_line_height_tablet":0,"ocean_menu_typo_line_height_mobile":0,"ocean_menu_typo_line_height_unit":"","ocean_menu_typo_spacing":0,"ocean_menu_typo_spacing_tablet":0,"ocean_menu_typo_spacing_mobile":0,"ocean_menu_typo_spacing_unit":"","ocean_menu_link_color":"","ocean_menu_link_color_hover":"","ocean_menu_link_color_active":"","ocean_menu_link_background":"","ocean_menu_link_hover_background":"","ocean_menu_link_active_background":"","ocean_menu_social_links_bg":"","ocean_menu_social_hover_links_bg":"","ocean_menu_social_links_color":"","ocean_menu_social_hover_links_color":"","ocean_disable_title":"default","ocean_disable_heading":"default","ocean_post_title":"","ocean_post_subheading":"","ocean_post_title_style":"","ocean_post_title_background_color":"","ocean_post_title_background":0,"ocean_post_title_bg_image_position":"","ocean_post_title_bg_image_attachment":"","ocean_post_title_bg_image_repeat":"","ocean_post_title_bg_image_size":"","ocean_post_title_height":0,"ocean_post_title_bg_overlay":0.5,"ocean_post_title_bg_overlay_color":"","ocean_disable_breadcrumbs":"default","ocean_breadcrumbs_color":"","ocean_breadcrumbs_separator_color":"","ocean_breadcrumbs_links_color":"","ocean_breadcrumbs_links_hover_color":"","ocean_display_footer_widgets":"default","ocean_display_footer_bottom":"default","ocean_custom_footer_template":"0","footnotes":""},"class_list":["post-288","page","type-page","status-publish","hentry","entry"],"jetpack_sharing_enabled":true,"_links":{"self":[{"href":"https:\/\/compagniestaccato.com\/index.php\/wp-json\/wp\/v2\/pages\/288","targetHints":{"allow":["GET"]}}],"collection":[{"href":"https:\/\/compagniestaccato.com\/index.php\/wp-json\/wp\/v2\/pages"}],"about":[{"href":"https:\/\/compagniestaccato.com\/index.php\/wp-json\/wp\/v2\/types\/page"}],"author":[{"embeddable":true,"href":"https:\/\/compagniestaccato.com\/index.php\/wp-json\/wp\/v2\/users\/1"}],"replies":[{"embeddable":true,"href":"https:\/\/compagniestaccato.com\/index.php\/wp-json\/wp\/v2\/comments?post=288"}],"version-history":[{"count":43,"href":"https:\/\/compagniestaccato.com\/index.php\/wp-json\/wp\/v2\/pages\/288\/revisions"}],"predecessor-version":[{"id":830,"href":"https:\/\/compagniestaccato.com\/index.php\/wp-json\/wp\/v2\/pages\/288\/revisions\/830"}],"wp:attachment":[{"href":"https:\/\/compagniestaccato.com\/index.php\/wp-json\/wp\/v2\/media?parent=288"}],"curies":[{"name":"wp","href":"https:\/\/api.w.org\/{rel}","templated":true}]}}