{"id":382,"date":"2020-11-30T15:11:37","date_gmt":"2020-11-30T14:11:37","guid":{"rendered":"http:\/\/compagniestaccato.com\/?page_id=382"},"modified":"2021-01-10T16:23:59","modified_gmt":"2021-01-10T15:23:59","slug":"2010-2013-2","status":"publish","type":"page","link":"https:\/\/compagniestaccato.com\/index.php\/2010-2013-2\/","title":{"rendered":"2010\/2015"},"content":{"rendered":"\t\t<div data-elementor-type=\"wp-page\" data-elementor-id=\"382\" class=\"elementor elementor-382\">\n\t\t\t\t\t\t\t\t\t<section class=\"elementor-section elementor-top-section elementor-element elementor-element-7008f2a5 elementor-section-content-middle elementor-section-boxed elementor-section-height-default elementor-section-height-default\" data-id=\"7008f2a5\" data-element_type=\"section\">\n\t\t\t\t\t\t<div class=\"elementor-container elementor-column-gap-no\">\n\t\t\t\t\t<div class=\"elementor-column elementor-col-33 elementor-top-column elementor-element elementor-element-7f1b5ea9\" data-id=\"7f1b5ea9\" data-element_type=\"column\">\n\t\t\t<div class=\"elementor-widget-wrap elementor-element-populated\">\n\t\t\t\t\t\t\t\t<div class=\"elementor-element elementor-element-43169e05 elementor-widget elementor-widget-heading\" data-id=\"43169e05\" data-element_type=\"widget\" data-widget_type=\"heading.default\">\n\t\t\t\t<div class=\"elementor-widget-container\">\n\t\t\t<h3 class=\"elementor-heading-title elementor-size-default\">QUE D'ESPOIR<\/h3>\t\t<\/div>\n\t\t\t\t<\/div>\n\t\t\t\t<div class=\"elementor-element elementor-element-db4c35f elementor-widget elementor-widget-heading\" data-id=\"db4c35f\" data-element_type=\"widget\" data-widget_type=\"heading.default\">\n\t\t\t\t<div class=\"elementor-widget-container\">\n\t\t\t<h5 class=\"elementor-heading-title elementor-size-small\">Cabaret \u2013 Th\u00e9\u00e2tre musical de Hanock LEVIN\n<br><br>\nCr\u00e9\u00e9 en 2010\n<br>\n<br>Mise en sc\u00e8ne de Philippe Robert\n<br><br>\n<br>Avec H\u00e9l\u00e8ne Bothorel, Jeanne Clinchamp, Gilles Ronsin, Philippe Robert, Laurent Carr\u00e9<\/h5>\t\t<\/div>\n\t\t\t\t<\/div>\n\t\t\t\t<div class=\"elementor-element elementor-element-6a483b4d elementor-widget elementor-widget-image\" data-id=\"6a483b4d\" data-element_type=\"widget\" data-widget_type=\"image.default\">\n\t\t\t\t<div class=\"elementor-widget-container\">\n\t\t\t\t\t\t\t\t\t\t\t\t\t\t\t<img loading=\"lazy\" decoding=\"async\" width=\"768\" height=\"1024\" src=\"https:\/\/compagniestaccato.com\/wp-content\/uploads\/2020\/11\/QUE-DESPOIR-Photo-de-Sylvie-Tezenas-768x1024.jpg\" class=\"elementor-animation-grow attachment-large size-large wp-image-212\" alt=\"\" srcset=\"https:\/\/compagniestaccato.com\/wp-content\/uploads\/2020\/11\/QUE-DESPOIR-Photo-de-Sylvie-Tezenas-768x1024.jpg 768w, https:\/\/compagniestaccato.com\/wp-content\/uploads\/2020\/11\/QUE-DESPOIR-Photo-de-Sylvie-Tezenas-225x300.jpg 225w, https:\/\/compagniestaccato.com\/wp-content\/uploads\/2020\/11\/QUE-DESPOIR-Photo-de-Sylvie-Tezenas-1152x1536.jpg 1152w, https:\/\/compagniestaccato.com\/wp-content\/uploads\/2020\/11\/QUE-DESPOIR-Photo-de-Sylvie-Tezenas-1536x2048.jpg 1536w, https:\/\/compagniestaccato.com\/wp-content\/uploads\/2020\/11\/QUE-DESPOIR-Photo-de-Sylvie-Tezenas-scaled.jpg 1920w\" sizes=\"auto, (max-width: 768px) 100vw, 768px\" \/>\t\t\t\t\t\t\t\t\t\t\t\t\t\t\t<\/div>\n\t\t\t\t<\/div>\n\t\t\t\t\t<\/div>\n\t\t<\/div>\n\t\t\t\t<div class=\"elementor-column elementor-col-33 elementor-top-column elementor-element elementor-element-7e664234\" data-id=\"7e664234\" data-element_type=\"column\">\n\t\t\t<div class=\"elementor-widget-wrap elementor-element-populated\">\n\t\t\t\t\t\t\t\t<div class=\"elementor-element elementor-element-45a4c9df elementor-widget elementor-widget-image\" data-id=\"45a4c9df\" data-element_type=\"widget\" data-widget_type=\"image.default\">\n\t\t\t\t<div class=\"elementor-widget-container\">\n\t\t\t\t\t\t\t\t\t\t\t\t\t\t\t<img loading=\"lazy\" decoding=\"async\" width=\"1024\" height=\"768\" src=\"https:\/\/compagniestaccato.com\/wp-content\/uploads\/2020\/11\/Le-Medecin-055-1024x768.jpg\" class=\"elementor-animation-grow attachment-large size-large wp-image-32\" alt=\"\" srcset=\"https:\/\/compagniestaccato.com\/wp-content\/uploads\/2020\/11\/Le-Medecin-055-1024x768.jpg 1024w, https:\/\/compagniestaccato.com\/wp-content\/uploads\/2020\/11\/Le-Medecin-055-300x225.jpg 300w, https:\/\/compagniestaccato.com\/wp-content\/uploads\/2020\/11\/Le-Medecin-055-768x576.jpg 768w, https:\/\/compagniestaccato.com\/wp-content\/uploads\/2020\/11\/Le-Medecin-055-1536x1152.jpg 1536w, https:\/\/compagniestaccato.com\/wp-content\/uploads\/2020\/11\/Le-Medecin-055-2048x1536.jpg 2048w\" sizes=\"auto, (max-width: 1024px) 100vw, 1024px\" \/>\t\t\t\t\t\t\t\t\t\t\t\t\t\t\t<\/div>\n\t\t\t\t<\/div>\n\t\t\t\t<div class=\"elementor-element elementor-element-594ea96 elementor-widget elementor-widget-heading\" data-id=\"594ea96\" data-element_type=\"widget\" data-widget_type=\"heading.default\">\n\t\t\t\t<div class=\"elementor-widget-container\">\n\t\t\t<h5 class=\"elementor-heading-title elementor-size-small\"><b>LE MEDECIN MALGRE LUI<\/b><br><br><br>\nCr\u00e9\u00e9 en 2013<br><br>\nMise en sc\u00e8ne de Brigitte Stanislas<br><br>\nAvec H\u00e9l\u00e8ne Bothorel, Thierry Beucher, Ga\u00ebtan Broudic,Chrystel Petitgas<\/h5>\t\t<\/div>\n\t\t\t\t<\/div>\n\t\t\t\t\t<\/div>\n\t\t<\/div>\n\t\t\t\t<div class=\"elementor-column elementor-col-33 elementor-top-column elementor-element elementor-element-5a1b9115\" data-id=\"5a1b9115\" data-element_type=\"column\">\n\t\t\t<div class=\"elementor-widget-wrap elementor-element-populated\">\n\t\t\t\t\t\t\t\t<div class=\"elementor-element elementor-element-4c965545 elementor-widget elementor-widget-image\" data-id=\"4c965545\" data-element_type=\"widget\" data-widget_type=\"image.default\">\n\t\t\t\t<div class=\"elementor-widget-container\">\n\t\t\t\t\t\t\t\t\t\t\t\t\t\t\t<img decoding=\"async\" src=\"https:\/\/compagniestaccato.com\/wp-content\/uploads\/2020\/12\/BStanislas6-1.jpg\" title=\"\" alt=\"\" class=\"elementor-animation-grow\" loading=\"lazy\" \/>\t\t\t\t\t\t\t\t\t\t\t\t\t\t\t<\/div>\n\t\t\t\t<\/div>\n\t\t\t\t<div class=\"elementor-element elementor-element-6e282b4 elementor-widget elementor-widget-heading\" data-id=\"6e282b4\" data-element_type=\"widget\" data-widget_type=\"heading.default\">\n\t\t\t\t<div class=\"elementor-widget-container\">\n\t\t\t<h3 class=\"elementor-heading-title elementor-size-small\"><b>LE SCULPTEUR DE R\u00caVES<\/b><br>\n<br>\nD'apr\u00e8s Claude Cl\u00e9ment<br><br>\nCr\u00e9\u00e9 en 2015<br><br>\nConte musical \u00e0 partir de 7 ans\nMise en voix et en musique par H\u00e9l\u00e8ne Bothorel et Christian Tezenas<\/h3>\t\t<\/div>\n\t\t\t\t<\/div>\n\t\t\t\t\t<\/div>\n\t\t<\/div>\n\t\t\t\t\t\t\t<\/div>\n\t\t<\/section>\n\t\t\t\t\t\t\t<\/div>\n\t\t","protected":false},"excerpt":{"rendered":"<p>QUE D&rsquo;ESPOIR Cabaret \u2013 Th\u00e9\u00e2tre musical de Hanock LEVIN Cr\u00e9\u00e9 en 2010 Mise en sc\u00e8ne de Philippe Robert Avec H\u00e9l\u00e8ne Bothorel, Jeanne Clinchamp, Gilles Ronsin, Philippe Robert, Laurent Carr\u00e9 LE MEDECIN MALGRE LUI Cr\u00e9\u00e9 en 2013 Mise en sc\u00e8ne de Brigitte Stanislas Avec H\u00e9l\u00e8ne Bothorel, Thierry Beucher, Ga\u00ebtan Broudic,Chrystel Petitgas LE SCULPTEUR DE R\u00caVES D&rsquo;apr\u00e8s [&hellip;]<\/p>\n","protected":false},"author":1,"featured_media":0,"parent":0,"menu_order":0,"comment_status":"closed","ping_status":"closed","template":"","meta":{"ocean_post_layout":"","ocean_both_sidebars_style":"","ocean_both_sidebars_content_width":0,"ocean_both_sidebars_sidebars_width":0,"ocean_sidebar":"0","ocean_second_sidebar":"0","ocean_disable_margins":"enable","ocean_add_body_class":"","ocean_shortcode_before_top_bar":"","ocean_shortcode_after_top_bar":"","ocean_shortcode_before_header":"","ocean_shortcode_after_header":"","ocean_has_shortcode":"","ocean_shortcode_after_title":"","ocean_shortcode_before_footer_widgets":"","ocean_shortcode_after_footer_widgets":"","ocean_shortcode_before_footer_bottom":"","ocean_shortcode_after_footer_bottom":"","ocean_display_top_bar":"default","ocean_display_header":"default","ocean_header_style":"","ocean_center_header_left_menu":"0","ocean_custom_header_template":"0","ocean_custom_logo":0,"ocean_custom_retina_logo":0,"ocean_custom_logo_max_width":0,"ocean_custom_logo_tablet_max_width":0,"ocean_custom_logo_mobile_max_width":0,"ocean_custom_logo_max_height":0,"ocean_custom_logo_tablet_max_height":0,"ocean_custom_logo_mobile_max_height":0,"ocean_header_custom_menu":"0","ocean_menu_typo_font_family":"0","ocean_menu_typo_font_subset":"","ocean_menu_typo_font_size":0,"ocean_menu_typo_font_size_tablet":0,"ocean_menu_typo_font_size_mobile":0,"ocean_menu_typo_font_size_unit":"px","ocean_menu_typo_font_weight":"","ocean_menu_typo_font_weight_tablet":"","ocean_menu_typo_font_weight_mobile":"","ocean_menu_typo_transform":"","ocean_menu_typo_transform_tablet":"","ocean_menu_typo_transform_mobile":"","ocean_menu_typo_line_height":0,"ocean_menu_typo_line_height_tablet":0,"ocean_menu_typo_line_height_mobile":0,"ocean_menu_typo_line_height_unit":"","ocean_menu_typo_spacing":0,"ocean_menu_typo_spacing_tablet":0,"ocean_menu_typo_spacing_mobile":0,"ocean_menu_typo_spacing_unit":"","ocean_menu_link_color":"","ocean_menu_link_color_hover":"","ocean_menu_link_color_active":"","ocean_menu_link_background":"","ocean_menu_link_hover_background":"","ocean_menu_link_active_background":"","ocean_menu_social_links_bg":"","ocean_menu_social_hover_links_bg":"","ocean_menu_social_links_color":"","ocean_menu_social_hover_links_color":"","ocean_disable_title":"default","ocean_disable_heading":"default","ocean_post_title":"","ocean_post_subheading":"","ocean_post_title_style":"","ocean_post_title_background_color":"","ocean_post_title_background":0,"ocean_post_title_bg_image_position":"","ocean_post_title_bg_image_attachment":"","ocean_post_title_bg_image_repeat":"","ocean_post_title_bg_image_size":"","ocean_post_title_height":0,"ocean_post_title_bg_overlay":0.5,"ocean_post_title_bg_overlay_color":"","ocean_disable_breadcrumbs":"default","ocean_breadcrumbs_color":"","ocean_breadcrumbs_separator_color":"","ocean_breadcrumbs_links_color":"","ocean_breadcrumbs_links_hover_color":"","ocean_display_footer_widgets":"default","ocean_display_footer_bottom":"default","ocean_custom_footer_template":"0","footnotes":""},"class_list":["post-382","page","type-page","status-publish","hentry","entry"],"jetpack_sharing_enabled":true,"_links":{"self":[{"href":"https:\/\/compagniestaccato.com\/index.php\/wp-json\/wp\/v2\/pages\/382","targetHints":{"allow":["GET"]}}],"collection":[{"href":"https:\/\/compagniestaccato.com\/index.php\/wp-json\/wp\/v2\/pages"}],"about":[{"href":"https:\/\/compagniestaccato.com\/index.php\/wp-json\/wp\/v2\/types\/page"}],"author":[{"embeddable":true,"href":"https:\/\/compagniestaccato.com\/index.php\/wp-json\/wp\/v2\/users\/1"}],"replies":[{"embeddable":true,"href":"https:\/\/compagniestaccato.com\/index.php\/wp-json\/wp\/v2\/comments?post=382"}],"version-history":[{"count":33,"href":"https:\/\/compagniestaccato.com\/index.php\/wp-json\/wp\/v2\/pages\/382\/revisions"}],"predecessor-version":[{"id":820,"href":"https:\/\/compagniestaccato.com\/index.php\/wp-json\/wp\/v2\/pages\/382\/revisions\/820"}],"wp:attachment":[{"href":"https:\/\/compagniestaccato.com\/index.php\/wp-json\/wp\/v2\/media?parent=382"}],"curies":[{"name":"wp","href":"https:\/\/api.w.org\/{rel}","templated":true}]}}