{"id":451,"date":"2020-12-04T14:03:07","date_gmt":"2020-12-04T13:03:07","guid":{"rendered":"http:\/\/compagniestaccato.com\/?page_id=451"},"modified":"2021-01-12T16:15:41","modified_gmt":"2021-01-12T15:15:41","slug":"2019-2","status":"publish","type":"page","link":"https:\/\/compagniestaccato.com\/index.php\/2019-2\/","title":{"rendered":"2019"},"content":{"rendered":"\t\t<div data-elementor-type=\"wp-page\" data-elementor-id=\"451\" class=\"elementor elementor-451\">\n\t\t\t\t\t\t\t\t\t<section class=\"elementor-section elementor-top-section elementor-element elementor-element-23224b1 elementor-section-boxed elementor-section-height-default elementor-section-height-default\" data-id=\"23224b1\" data-element_type=\"section\">\n\t\t\t\t\t\t<div class=\"elementor-container elementor-column-gap-default\">\n\t\t\t\t\t<div class=\"elementor-column elementor-col-33 elementor-top-column elementor-element elementor-element-8fdbf77\" data-id=\"8fdbf77\" data-element_type=\"column\">\n\t\t\t<div class=\"elementor-widget-wrap elementor-element-populated\">\n\t\t\t\t\t\t\t\t<div class=\"elementor-element elementor-element-69132b2 elementor-widget elementor-widget-image\" data-id=\"69132b2\" data-element_type=\"widget\" data-widget_type=\"image.default\">\n\t\t\t\t<div class=\"elementor-widget-container\">\n\t\t\t\t\t\t\t\t\t\t\t\t\t\t\t<img loading=\"lazy\" decoding=\"async\" width=\"640\" height=\"480\" src=\"https:\/\/compagniestaccato.com\/wp-content\/uploads\/2020\/12\/apero-blues-rotated.jpg\" class=\"attachment-large size-large wp-image-660\" alt=\"\" srcset=\"https:\/\/compagniestaccato.com\/wp-content\/uploads\/2020\/12\/apero-blues-rotated.jpg 640w, https:\/\/compagniestaccato.com\/wp-content\/uploads\/2020\/12\/apero-blues-300x225.jpg 300w\" sizes=\"auto, (max-width: 640px) 100vw, 640px\" \/>\t\t\t\t\t\t\t\t\t\t\t\t\t\t\t<\/div>\n\t\t\t\t<\/div>\n\t\t\t\t\t<\/div>\n\t\t<\/div>\n\t\t\t\t<div class=\"elementor-column elementor-col-66 elementor-top-column elementor-element elementor-element-ccb44cc\" data-id=\"ccb44cc\" data-element_type=\"column\">\n\t\t\t<div class=\"elementor-widget-wrap elementor-element-populated\">\n\t\t\t\t\t\t\t\t<div class=\"elementor-element elementor-element-30d758e elementor-widget elementor-widget-text-editor\" data-id=\"30d758e\" data-element_type=\"widget\" data-widget_type=\"text-editor.default\">\n\t\t\t\t<div class=\"elementor-widget-container\">\n\t\t\t\t\t\t\t<p lang=\"zxx\"><b>APERO Blues 2019\/2020<\/b><\/p><p lang=\"zxx\">Lecture de textes captivants et \u00e9mouvants autour de l&rsquo;Am\u00e9rique d&rsquo;hier et d&rsquo;aujourd&rsquo;hui<\/p><p lang=\"zxx\">James Baldwin \u00ab\u00a0Les usages du Blues\u00a0\u00bb<\/p><p lang=\"zxx\">Thomas Sn\u00e9garoff \u00ab\u00a0Littles Rock 1957\u00a0\u00bb<\/p><p lang=\"zxx\">Jesmyn Ward \u00a0\u00bb Les Moissons fun\u00e8bres\u00a0\u00bb<\/p><p lang=\"zxx\">Richard Wright \u00ab\u00a0Black Boy\u00a0\u00bb<\/p><p lang=\"zxx\">Mathilde Hirsch et Florence Noiville \u00a0\u00bb Nina simone Love me or leave me\u00a0\u00bb<\/p><p lang=\"zxx\">Avec H\u00e9l\u00e8ne Bothorel com\u00e9dienne et Christian Tezenas musicien<\/p>\t\t\t\t\t\t<\/div>\n\t\t\t\t<\/div>\n\t\t\t\t\t<\/div>\n\t\t<\/div>\n\t\t\t\t\t\t\t<\/div>\n\t\t<\/section>\n\t\t\t\t\t\t\t<\/div>\n\t\t","protected":false},"excerpt":{"rendered":"<p>APERO Blues 2019\/2020 Lecture de textes captivants et \u00e9mouvants autour de l&rsquo;Am\u00e9rique d&rsquo;hier et d&rsquo;aujourd&rsquo;hui James Baldwin \u00ab\u00a0Les usages du Blues\u00a0\u00bb Thomas Sn\u00e9garoff \u00ab\u00a0Littles Rock 1957\u00a0\u00bb Jesmyn Ward \u00a0\u00bb Les Moissons fun\u00e8bres\u00a0\u00bb Richard Wright \u00ab\u00a0Black Boy\u00a0\u00bb Mathilde Hirsch et Florence Noiville \u00a0\u00bb Nina simone Love me or leave me\u00a0\u00bb Avec H\u00e9l\u00e8ne Bothorel com\u00e9dienne et Christian [&hellip;]<\/p>\n","protected":false},"author":1,"featured_media":0,"parent":0,"menu_order":0,"comment_status":"closed","ping_status":"closed","template":"","meta":{"ocean_post_layout":"","ocean_both_sidebars_style":"","ocean_both_sidebars_content_width":0,"ocean_both_sidebars_sidebars_width":0,"ocean_sidebar":"0","ocean_second_sidebar":"0","ocean_disable_margins":"enable","ocean_add_body_class":"","ocean_shortcode_before_top_bar":"","ocean_shortcode_after_top_bar":"","ocean_shortcode_before_header":"","ocean_shortcode_after_header":"","ocean_has_shortcode":"","ocean_shortcode_after_title":"","ocean_shortcode_before_footer_widgets":"","ocean_shortcode_after_footer_widgets":"","ocean_shortcode_before_footer_bottom":"","ocean_shortcode_after_footer_bottom":"","ocean_display_top_bar":"default","ocean_display_header":"default","ocean_header_style":"","ocean_center_header_left_menu":"0","ocean_custom_header_template":"0","ocean_custom_logo":0,"ocean_custom_retina_logo":0,"ocean_custom_logo_max_width":0,"ocean_custom_logo_tablet_max_width":0,"ocean_custom_logo_mobile_max_width":0,"ocean_custom_logo_max_height":0,"ocean_custom_logo_tablet_max_height":0,"ocean_custom_logo_mobile_max_height":0,"ocean_header_custom_menu":"0","ocean_menu_typo_font_family":"0","ocean_menu_typo_font_subset":"","ocean_menu_typo_font_size":0,"ocean_menu_typo_font_size_tablet":0,"ocean_menu_typo_font_size_mobile":0,"ocean_menu_typo_font_size_unit":"px","ocean_menu_typo_font_weight":"","ocean_menu_typo_font_weight_tablet":"","ocean_menu_typo_font_weight_mobile":"","ocean_menu_typo_transform":"","ocean_menu_typo_transform_tablet":"","ocean_menu_typo_transform_mobile":"","ocean_menu_typo_line_height":0,"ocean_menu_typo_line_height_tablet":0,"ocean_menu_typo_line_height_mobile":0,"ocean_menu_typo_line_height_unit":"","ocean_menu_typo_spacing":0,"ocean_menu_typo_spacing_tablet":0,"ocean_menu_typo_spacing_mobile":0,"ocean_menu_typo_spacing_unit":"","ocean_menu_link_color":"","ocean_menu_link_color_hover":"","ocean_menu_link_color_active":"","ocean_menu_link_background":"","ocean_menu_link_hover_background":"","ocean_menu_link_active_background":"","ocean_menu_social_links_bg":"","ocean_menu_social_hover_links_bg":"","ocean_menu_social_links_color":"","ocean_menu_social_hover_links_color":"","ocean_disable_title":"default","ocean_disable_heading":"default","ocean_post_title":"","ocean_post_subheading":"","ocean_post_title_style":"","ocean_post_title_background_color":"","ocean_post_title_background":0,"ocean_post_title_bg_image_position":"","ocean_post_title_bg_image_attachment":"","ocean_post_title_bg_image_repeat":"","ocean_post_title_bg_image_size":"","ocean_post_title_height":0,"ocean_post_title_bg_overlay":0.5,"ocean_post_title_bg_overlay_color":"","ocean_disable_breadcrumbs":"default","ocean_breadcrumbs_color":"","ocean_breadcrumbs_separator_color":"","ocean_breadcrumbs_links_color":"","ocean_breadcrumbs_links_hover_color":"","ocean_display_footer_widgets":"default","ocean_display_footer_bottom":"default","ocean_custom_footer_template":"0","footnotes":""},"class_list":["post-451","page","type-page","status-publish","hentry","entry"],"jetpack_sharing_enabled":true,"_links":{"self":[{"href":"https:\/\/compagniestaccato.com\/index.php\/wp-json\/wp\/v2\/pages\/451","targetHints":{"allow":["GET"]}}],"collection":[{"href":"https:\/\/compagniestaccato.com\/index.php\/wp-json\/wp\/v2\/pages"}],"about":[{"href":"https:\/\/compagniestaccato.com\/index.php\/wp-json\/wp\/v2\/types\/page"}],"author":[{"embeddable":true,"href":"https:\/\/compagniestaccato.com\/index.php\/wp-json\/wp\/v2\/users\/1"}],"replies":[{"embeddable":true,"href":"https:\/\/compagniestaccato.com\/index.php\/wp-json\/wp\/v2\/comments?post=451"}],"version-history":[{"count":15,"href":"https:\/\/compagniestaccato.com\/index.php\/wp-json\/wp\/v2\/pages\/451\/revisions"}],"predecessor-version":[{"id":863,"href":"https:\/\/compagniestaccato.com\/index.php\/wp-json\/wp\/v2\/pages\/451\/revisions\/863"}],"wp:attachment":[{"href":"https:\/\/compagniestaccato.com\/index.php\/wp-json\/wp\/v2\/media?parent=451"}],"curies":[{"name":"wp","href":"https:\/\/api.w.org\/{rel}","templated":true}]}}