{"id":463,"date":"2020-12-04T14:17:29","date_gmt":"2020-12-04T13:17:29","guid":{"rendered":"http:\/\/compagniestaccato.com\/?page_id=463"},"modified":"2021-01-12T18:35:36","modified_gmt":"2021-01-12T17:35:36","slug":"2008-2010","status":"publish","type":"page","link":"https:\/\/compagniestaccato.com\/index.php\/2008-2010\/","title":{"rendered":"2008\/2010"},"content":{"rendered":"\t\t<div data-elementor-type=\"wp-page\" data-elementor-id=\"463\" class=\"elementor elementor-463\">\n\t\t\t\t\t\t\t\t\t<section class=\"elementor-section elementor-top-section elementor-element elementor-element-0831099 elementor-section-boxed elementor-section-height-default elementor-section-height-default\" data-id=\"0831099\" data-element_type=\"section\">\n\t\t\t\t\t\t<div class=\"elementor-container elementor-column-gap-default\">\n\t\t\t\t\t<div class=\"elementor-column elementor-col-50 elementor-top-column elementor-element elementor-element-66192d6\" data-id=\"66192d6\" data-element_type=\"column\">\n\t\t\t<div class=\"elementor-widget-wrap elementor-element-populated\">\n\t\t\t\t\t\t\t\t<div class=\"elementor-element elementor-element-87cc172 elementor-widget elementor-widget-image\" data-id=\"87cc172\" data-element_type=\"widget\" data-widget_type=\"image.default\">\n\t\t\t\t<div class=\"elementor-widget-container\">\n\t\t\t\t\t\t\t\t\t\t\t\t\t\t\t<img loading=\"lazy\" decoding=\"async\" width=\"214\" height=\"320\" src=\"https:\/\/compagniestaccato.com\/wp-content\/uploads\/2020\/12\/centre2.jpg\" class=\"attachment-large size-large wp-image-466\" alt=\"\" srcset=\"https:\/\/compagniestaccato.com\/wp-content\/uploads\/2020\/12\/centre2.jpg 214w, https:\/\/compagniestaccato.com\/wp-content\/uploads\/2020\/12\/centre2-201x300.jpg 201w\" sizes=\"auto, (max-width: 214px) 100vw, 214px\" \/>\t\t\t\t\t\t\t\t\t\t\t\t\t\t\t<\/div>\n\t\t\t\t<\/div>\n\t\t\t\t\t<\/div>\n\t\t<\/div>\n\t\t\t\t<div class=\"elementor-column elementor-col-50 elementor-top-column elementor-element elementor-element-9cf279e\" data-id=\"9cf279e\" data-element_type=\"column\">\n\t\t\t<div class=\"elementor-widget-wrap elementor-element-populated\">\n\t\t\t\t\t\t\t\t<section class=\"elementor-section elementor-inner-section elementor-element elementor-element-9b108e2 elementor-section-boxed elementor-section-height-default elementor-section-height-default\" data-id=\"9b108e2\" data-element_type=\"section\">\n\t\t\t\t\t\t<div class=\"elementor-container elementor-column-gap-default\">\n\t\t\t\t\t<div class=\"elementor-column elementor-col-50 elementor-inner-column elementor-element elementor-element-7626eb5\" data-id=\"7626eb5\" data-element_type=\"column\">\n\t\t\t<div class=\"elementor-widget-wrap elementor-element-populated\">\n\t\t\t\t\t\t\t\t<div class=\"elementor-element elementor-element-bf302b1 elementor-widget elementor-widget-text-editor\" data-id=\"bf302b1\" data-element_type=\"widget\" data-widget_type=\"text-editor.default\">\n\t\t\t\t<div class=\"elementor-widget-container\">\n\t\t\t\t\t\t\t<p lang=\"zxx\"><b>2008\/2010 &#8211; R\u00e9sidence sur 4 centres culturels<\/b><\/p><p lang=\"zxx\">Cesson Sevign\u00e9 Centre Culturel<\/p><p lang=\"zxx\">Chartres de Bretagne P\u00f4le Sud<\/p><p lang=\"zxx\">Vitr\u00e9 Centre Culturel J. Duhamel<\/p><p lang=\"zxx\">Liffr\u00e9 Centre Culturel<\/p><p lang=\"zxx\"><b>CREATION DU SPECTACLE<\/b><\/p><p lang=\"zxx\">\u00ab\u00a0Que d&rsquo;espoir!\u00a0\u00bb de Hanokh LEVIN en janvier 2011<\/p>\t\t\t\t\t\t<\/div>\n\t\t\t\t<\/div>\n\t\t\t\t\t<\/div>\n\t\t<\/div>\n\t\t\t\t<div class=\"elementor-column elementor-col-50 elementor-inner-column elementor-element elementor-element-4474231\" data-id=\"4474231\" data-element_type=\"column\">\n\t\t\t<div class=\"elementor-widget-wrap elementor-element-populated\">\n\t\t\t\t\t\t\t\t<div class=\"elementor-element elementor-element-6d9ddb2 elementor-widget elementor-widget-image-gallery\" data-id=\"6d9ddb2\" data-element_type=\"widget\" data-widget_type=\"image-gallery.default\">\n\t\t\t\t<div class=\"elementor-widget-container\">\n\t\t\t\t\t<div class=\"elementor-image-gallery\">\n\t\t\t<div id='gallery-1' class='gallery galleryid-463 gallery-columns-4 gallery-size-thumbnail'><figure class='gallery-item'>\n\t\t\t<div class='gallery-icon landscape'>\n\t\t\t\t<a data-elementor-open-lightbox=\"yes\" data-elementor-lightbox-slideshow=\"6d9ddb2\" data-elementor-lightbox-title=\"vitr\u00e9\" data-e-action-hash=\"#elementor-action%3Aaction%3Dlightbox%26settings%3DeyJpZCI6ODQ3LCJ1cmwiOiJodHRwczpcL1wvY29tcGFnbmllc3RhY2NhdG8uY29tXC93cC1jb250ZW50XC91cGxvYWRzXC8yMDIxXC8wMVwvdml0cmUucG5nIiwic2xpZGVzaG93IjoiNmQ5ZGRiMiJ9\" href='https:\/\/compagniestaccato.com\/wp-content\/uploads\/2021\/01\/vitre.png'><img loading=\"lazy\" decoding=\"async\" width=\"150\" height=\"150\" src=\"https:\/\/compagniestaccato.com\/wp-content\/uploads\/2021\/01\/vitre-150x150.png\" class=\"attachment-thumbnail size-thumbnail\" alt=\"\" srcset=\"https:\/\/compagniestaccato.com\/wp-content\/uploads\/2021\/01\/vitre-150x150.png 150w, https:\/\/compagniestaccato.com\/wp-content\/uploads\/2021\/01\/vitre.png 155w\" sizes=\"auto, (max-width: 150px) 100vw, 150px\" \/><\/a>\n\t\t\t<\/div><\/figure><figure class='gallery-item'>\n\t\t\t<div class='gallery-icon portrait'>\n\t\t\t\t<a data-elementor-open-lightbox=\"yes\" data-elementor-lightbox-slideshow=\"6d9ddb2\" data-elementor-lightbox-title=\"vitr\u00e9\" data-e-action-hash=\"#elementor-action%3Aaction%3Dlightbox%26settings%3DeyJpZCI6ODQ2LCJ1cmwiOiJodHRwczpcL1wvY29tcGFnbmllc3RhY2NhdG8uY29tXC93cC1jb250ZW50XC91cGxvYWRzXC8yMDIxXC8wMVwvTGlmZnJlLnBuZyIsInNsaWRlc2hvdyI6IjZkOWRkYjIifQ%3D%3D\" href='https:\/\/compagniestaccato.com\/wp-content\/uploads\/2021\/01\/Liffre.png'><img loading=\"lazy\" decoding=\"async\" width=\"150\" height=\"150\" src=\"https:\/\/compagniestaccato.com\/wp-content\/uploads\/2021\/01\/Liffre-150x150.png\" class=\"attachment-thumbnail size-thumbnail\" alt=\"\" \/><\/a>\n\t\t\t<\/div><\/figure><figure class='gallery-item'>\n\t\t\t<div class='gallery-icon portrait'>\n\t\t\t\t<a data-elementor-open-lightbox=\"yes\" data-elementor-lightbox-slideshow=\"6d9ddb2\" data-elementor-lightbox-title=\"Capture d\u2019\u00e9cran 2021-01-12 182748\" data-e-action-hash=\"#elementor-action%3Aaction%3Dlightbox%26settings%3DeyJpZCI6ODk0LCJ1cmwiOiJodHRwczpcL1wvY29tcGFnbmllc3RhY2NhdG8uY29tXC93cC1jb250ZW50XC91cGxvYWRzXC8yMDIxXC8wMVwvQ2FwdHVyZS1kZWNyYW4tMjAyMS0wMS0xMi0xODI3NDgucG5nIiwic2xpZGVzaG93IjoiNmQ5ZGRiMiJ9\" href='https:\/\/compagniestaccato.com\/wp-content\/uploads\/2021\/01\/Capture-decran-2021-01-12-182748.png'><img loading=\"lazy\" decoding=\"async\" width=\"137\" height=\"150\" src=\"https:\/\/compagniestaccato.com\/wp-content\/uploads\/2021\/01\/Capture-decran-2021-01-12-182748-137x150.png\" class=\"attachment-thumbnail size-thumbnail\" alt=\"\" \/><\/a>\n\t\t\t<\/div><\/figure><figure class='gallery-item'>\n\t\t\t<div class='gallery-icon landscape'>\n\t\t\t\t<a data-elementor-open-lightbox=\"yes\" data-elementor-lightbox-slideshow=\"6d9ddb2\" data-elementor-lightbox-title=\"Capture d\u2019\u00e9cran 2021-01-12 182748\" data-e-action-hash=\"#elementor-action%3Aaction%3Dlightbox%26settings%3DeyJpZCI6ODkzLCJ1cmwiOiJodHRwczpcL1wvY29tcGFnbmllc3RhY2NhdG8uY29tXC93cC1jb250ZW50XC91cGxvYWRzXC8yMDIxXC8wMVwvbG9nbzEtMS0yLWUxNjEwNDcyNjk0MzgwLmpwZyIsInNsaWRlc2hvdyI6IjZkOWRkYjIifQ%3D%3D\" href='https:\/\/compagniestaccato.com\/wp-content\/uploads\/2021\/01\/logo1-1-2-e1610472694380.jpg'><img loading=\"lazy\" decoding=\"async\" width=\"150\" height=\"84\" src=\"https:\/\/compagniestaccato.com\/wp-content\/uploads\/2021\/01\/logo1-1-2-150x84.jpg\" class=\"attachment-thumbnail size-thumbnail\" alt=\"\" \/><\/a>\n\t\t\t<\/div><\/figure>\n\t\t<\/div>\n\t\t<\/div>\n\t\t\t\t<\/div>\n\t\t\t\t<\/div>\n\t\t\t\t\t<\/div>\n\t\t<\/div>\n\t\t\t\t\t\t\t<\/div>\n\t\t<\/section>\n\t\t\t\t\t<\/div>\n\t\t<\/div>\n\t\t\t\t\t\t\t<\/div>\n\t\t<\/section>\n\t\t\t\t\t\t\t<\/div>\n\t\t","protected":false},"excerpt":{"rendered":"<p>2008\/2010 &#8211; R\u00e9sidence sur 4 centres culturels Cesson Sevign\u00e9 Centre Culturel Chartres de Bretagne P\u00f4le Sud Vitr\u00e9 Centre Culturel J. Duhamel Liffr\u00e9 Centre Culturel CREATION DU SPECTACLE \u00ab\u00a0Que d&rsquo;espoir!\u00a0\u00bb de Hanokh LEVIN en janvier 2011<\/p>\n","protected":false},"author":1,"featured_media":0,"parent":0,"menu_order":0,"comment_status":"closed","ping_status":"closed","template":"","meta":{"ocean_post_layout":"","ocean_both_sidebars_style":"","ocean_both_sidebars_content_width":0,"ocean_both_sidebars_sidebars_width":0,"ocean_sidebar":"0","ocean_second_sidebar":"0","ocean_disable_margins":"enable","ocean_add_body_class":"","ocean_shortcode_before_top_bar":"","ocean_shortcode_after_top_bar":"","ocean_shortcode_before_header":"","ocean_shortcode_after_header":"","ocean_has_shortcode":"","ocean_shortcode_after_title":"","ocean_shortcode_before_footer_widgets":"","ocean_shortcode_after_footer_widgets":"","ocean_shortcode_before_footer_bottom":"","ocean_shortcode_after_footer_bottom":"","ocean_display_top_bar":"default","ocean_display_header":"default","ocean_header_style":"","ocean_center_header_left_menu":"0","ocean_custom_header_template":"0","ocean_custom_logo":0,"ocean_custom_retina_logo":0,"ocean_custom_logo_max_width":0,"ocean_custom_logo_tablet_max_width":0,"ocean_custom_logo_mobile_max_width":0,"ocean_custom_logo_max_height":0,"ocean_custom_logo_tablet_max_height":0,"ocean_custom_logo_mobile_max_height":0,"ocean_header_custom_menu":"0","ocean_menu_typo_font_family":"0","ocean_menu_typo_font_subset":"","ocean_menu_typo_font_size":0,"ocean_menu_typo_font_size_tablet":0,"ocean_menu_typo_font_size_mobile":0,"ocean_menu_typo_font_size_unit":"px","ocean_menu_typo_font_weight":"","ocean_menu_typo_font_weight_tablet":"","ocean_menu_typo_font_weight_mobile":"","ocean_menu_typo_transform":"","ocean_menu_typo_transform_tablet":"","ocean_menu_typo_transform_mobile":"","ocean_menu_typo_line_height":0,"ocean_menu_typo_line_height_tablet":0,"ocean_menu_typo_line_height_mobile":0,"ocean_menu_typo_line_height_unit":"","ocean_menu_typo_spacing":0,"ocean_menu_typo_spacing_tablet":0,"ocean_menu_typo_spacing_mobile":0,"ocean_menu_typo_spacing_unit":"","ocean_menu_link_color":"","ocean_menu_link_color_hover":"","ocean_menu_link_color_active":"","ocean_menu_link_background":"","ocean_menu_link_hover_background":"","ocean_menu_link_active_background":"","ocean_menu_social_links_bg":"","ocean_menu_social_hover_links_bg":"","ocean_menu_social_links_color":"","ocean_menu_social_hover_links_color":"","ocean_disable_title":"default","ocean_disable_heading":"default","ocean_post_title":"","ocean_post_subheading":"","ocean_post_title_style":"","ocean_post_title_background_color":"","ocean_post_title_background":0,"ocean_post_title_bg_image_position":"","ocean_post_title_bg_image_attachment":"","ocean_post_title_bg_image_repeat":"","ocean_post_title_bg_image_size":"","ocean_post_title_height":0,"ocean_post_title_bg_overlay":0.5,"ocean_post_title_bg_overlay_color":"","ocean_disable_breadcrumbs":"default","ocean_breadcrumbs_color":"","ocean_breadcrumbs_separator_color":"","ocean_breadcrumbs_links_color":"","ocean_breadcrumbs_links_hover_color":"","ocean_display_footer_widgets":"default","ocean_display_footer_bottom":"default","ocean_custom_footer_template":"0","footnotes":""},"class_list":["post-463","page","type-page","status-publish","hentry","entry"],"jetpack_sharing_enabled":true,"_links":{"self":[{"href":"https:\/\/compagniestaccato.com\/index.php\/wp-json\/wp\/v2\/pages\/463","targetHints":{"allow":["GET"]}}],"collection":[{"href":"https:\/\/compagniestaccato.com\/index.php\/wp-json\/wp\/v2\/pages"}],"about":[{"href":"https:\/\/compagniestaccato.com\/index.php\/wp-json\/wp\/v2\/types\/page"}],"author":[{"embeddable":true,"href":"https:\/\/compagniestaccato.com\/index.php\/wp-json\/wp\/v2\/users\/1"}],"replies":[{"embeddable":true,"href":"https:\/\/compagniestaccato.com\/index.php\/wp-json\/wp\/v2\/comments?post=463"}],"version-history":[{"count":37,"href":"https:\/\/compagniestaccato.com\/index.php\/wp-json\/wp\/v2\/pages\/463\/revisions"}],"predecessor-version":[{"id":900,"href":"https:\/\/compagniestaccato.com\/index.php\/wp-json\/wp\/v2\/pages\/463\/revisions\/900"}],"wp:attachment":[{"href":"https:\/\/compagniestaccato.com\/index.php\/wp-json\/wp\/v2\/media?parent=463"}],"curies":[{"name":"wp","href":"https:\/\/api.w.org\/{rel}","templated":true}]}}