{"id":673,"date":"2020-12-11T12:56:06","date_gmt":"2020-12-11T11:56:06","guid":{"rendered":"http:\/\/compagniestaccato.com\/?page_id=673"},"modified":"2021-01-12T16:13:46","modified_gmt":"2021-01-12T15:13:46","slug":"2002-2003","status":"publish","type":"page","link":"https:\/\/compagniestaccato.com\/index.php\/2002-2003\/","title":{"rendered":"2002\/2006"},"content":{"rendered":"\t\t<div data-elementor-type=\"wp-page\" data-elementor-id=\"673\" class=\"elementor elementor-673\">\n\t\t\t\t\t\t\t\t\t<section class=\"elementor-section elementor-top-section elementor-element elementor-element-e40f63c elementor-section-boxed elementor-section-height-default elementor-section-height-default\" data-id=\"e40f63c\" data-element_type=\"section\">\n\t\t\t\t\t\t<div class=\"elementor-container elementor-column-gap-default\">\n\t\t\t\t\t<div class=\"elementor-column elementor-col-33 elementor-top-column elementor-element elementor-element-05614c3\" data-id=\"05614c3\" data-element_type=\"column\">\n\t\t\t<div class=\"elementor-widget-wrap elementor-element-populated\">\n\t\t\t\t\t\t\t\t<div class=\"elementor-element elementor-element-940b363 elementor-widget elementor-widget-image\" data-id=\"940b363\" data-element_type=\"widget\" data-widget_type=\"image.default\">\n\t\t\t\t<div class=\"elementor-widget-container\">\n\t\t\t\t\t\t\t\t\t\t\t\t\t\t\t<img loading=\"lazy\" decoding=\"async\" width=\"1024\" height=\"699\" src=\"https:\/\/compagniestaccato.com\/wp-content\/uploads\/2020\/11\/Photos-la-bonne-ame-022-1024x699.jpg\" class=\"attachment-large size-large wp-image-208\" alt=\"\" srcset=\"https:\/\/compagniestaccato.com\/wp-content\/uploads\/2020\/11\/Photos-la-bonne-ame-022-1024x699.jpg 1024w, https:\/\/compagniestaccato.com\/wp-content\/uploads\/2020\/11\/Photos-la-bonne-ame-022-300x205.jpg 300w, https:\/\/compagniestaccato.com\/wp-content\/uploads\/2020\/11\/Photos-la-bonne-ame-022-768x524.jpg 768w, https:\/\/compagniestaccato.com\/wp-content\/uploads\/2020\/11\/Photos-la-bonne-ame-022.jpg 1360w\" sizes=\"auto, (max-width: 1024px) 100vw, 1024px\" \/>\t\t\t\t\t\t\t\t\t\t\t\t\t\t\t<\/div>\n\t\t\t\t<\/div>\n\t\t\t\t<div class=\"elementor-element elementor-element-7c8936f elementor-widget-divider--view-line elementor-widget elementor-widget-divider\" data-id=\"7c8936f\" data-element_type=\"widget\" data-widget_type=\"divider.default\">\n\t\t\t\t<div class=\"elementor-widget-container\">\n\t\t\t\t\t<div class=\"elementor-divider\">\n\t\t\t<span class=\"elementor-divider-separator\">\n\t\t\t\t\t\t<\/span>\n\t\t<\/div>\n\t\t\t\t<\/div>\n\t\t\t\t<\/div>\n\t\t\t\t<div class=\"elementor-element elementor-element-2203dcc elementor-widget elementor-widget-image\" data-id=\"2203dcc\" data-element_type=\"widget\" data-widget_type=\"image.default\">\n\t\t\t\t<div class=\"elementor-widget-container\">\n\t\t\t\t\t\t\t\t\t\t\t\t\t\t\t<img loading=\"lazy\" decoding=\"async\" width=\"258\" height=\"320\" src=\"https:\/\/compagniestaccato.com\/wp-content\/uploads\/2020\/11\/soliloque.jpg\" class=\"attachment-large size-large wp-image-315\" alt=\"\" srcset=\"https:\/\/compagniestaccato.com\/wp-content\/uploads\/2020\/11\/soliloque.jpg 258w, https:\/\/compagniestaccato.com\/wp-content\/uploads\/2020\/11\/soliloque-242x300.jpg 242w\" sizes=\"auto, (max-width: 258px) 100vw, 258px\" \/>\t\t\t\t\t\t\t\t\t\t\t\t\t\t\t<\/div>\n\t\t\t\t<\/div>\n\t\t\t\t\t<\/div>\n\t\t<\/div>\n\t\t\t\t<div class=\"elementor-column elementor-col-66 elementor-top-column elementor-element elementor-element-8dae60d\" data-id=\"8dae60d\" data-element_type=\"column\">\n\t\t\t<div class=\"elementor-widget-wrap elementor-element-populated\">\n\t\t\t\t\t\t\t\t<div class=\"elementor-element elementor-element-719d950 elementor-widget elementor-widget-text-editor\" data-id=\"719d950\" data-element_type=\"widget\" data-widget_type=\"text-editor.default\">\n\t\t\t\t<div class=\"elementor-widget-container\">\n\t\t\t\t\t\t\t<p lang=\"zxx\"><b>R\u00e9sidence de cr\u00e9ation au centre Culturel de Monfort sur Meu en 2002\/2003 et 2006\/2007<\/b><\/p>\n<p lang=\"zxx\"><b>L&rsquo;ARRANGEUR DE MOTS 2002\/2003<\/b><\/p>\n<p lang=\"zxx\">Conte musical jeune public de H\u00e9l\u00e8ne Bothorel<\/p>\n<p lang=\"zxx\">avec Brigitte Stanislas, Th\u00e9r\u00e8se Jaslet, Petit, H\u00e9l\u00e8ne Bothorel<\/p>\n<p lang=\"zxx\">D\u00e9cors et costumes; B\u00e9atrice Laisn\u00e9<\/p>\n<p lang=\"zxx\">Lumi\u00e8res : Yann DUCLOS<\/p><p lang=\"zxx\"><br><\/p><p lang=\"zxx\"><br><\/p>\n<p lang=\"zxx\"><b>SOLILOQUE 2006\/2007<\/b><\/p>\n<p lang=\"zxx\">Texte de H\u00e9l\u00e8ne Bothorel<\/p>\n<p lang=\"zxx\">Mise en sc\u00e8ne ; Eddy Delpino<\/p>\n<p lang=\"zxx\">Avec H\u00e9l\u00e8ne Bothorel, Philippe Robert<\/p>\n<p lang=\"zxx\">Lumi\u00e8res: Yann Duclos<\/p>\n<p lang=\"zxx\">Sc\u00e8nographie \/ Cotume Alin Burkarth<\/p>\t\t\t\t\t\t<\/div>\n\t\t\t\t<\/div>\n\t\t\t\t\t<\/div>\n\t\t<\/div>\n\t\t\t\t\t\t\t<\/div>\n\t\t<\/section>\n\t\t\t\t\t\t\t<\/div>\n\t\t","protected":false},"excerpt":{"rendered":"<p>R\u00e9sidence de cr\u00e9ation au centre Culturel de Monfort sur Meu en 2002\/2003 et 2006\/2007 L&rsquo;ARRANGEUR DE MOTS 2002\/2003 Conte musical jeune public de H\u00e9l\u00e8ne Bothorel avec Brigitte Stanislas, Th\u00e9r\u00e8se Jaslet, Petit, H\u00e9l\u00e8ne Bothorel D\u00e9cors et costumes; B\u00e9atrice Laisn\u00e9 Lumi\u00e8res : Yann DUCLOS SOLILOQUE 2006\/2007 Texte de H\u00e9l\u00e8ne Bothorel Mise en sc\u00e8ne ; Eddy Delpino Avec [&hellip;]<\/p>\n","protected":false},"author":1,"featured_media":0,"parent":0,"menu_order":0,"comment_status":"closed","ping_status":"closed","template":"","meta":{"ocean_post_layout":"","ocean_both_sidebars_style":"","ocean_both_sidebars_content_width":0,"ocean_both_sidebars_sidebars_width":0,"ocean_sidebar":"0","ocean_second_sidebar":"0","ocean_disable_margins":"enable","ocean_add_body_class":"","ocean_shortcode_before_top_bar":"","ocean_shortcode_after_top_bar":"","ocean_shortcode_before_header":"","ocean_shortcode_after_header":"","ocean_has_shortcode":"","ocean_shortcode_after_title":"","ocean_shortcode_before_footer_widgets":"","ocean_shortcode_after_footer_widgets":"","ocean_shortcode_before_footer_bottom":"","ocean_shortcode_after_footer_bottom":"","ocean_display_top_bar":"default","ocean_display_header":"default","ocean_header_style":"","ocean_center_header_left_menu":"0","ocean_custom_header_template":"0","ocean_custom_logo":0,"ocean_custom_retina_logo":0,"ocean_custom_logo_max_width":0,"ocean_custom_logo_tablet_max_width":0,"ocean_custom_logo_mobile_max_width":0,"ocean_custom_logo_max_height":0,"ocean_custom_logo_tablet_max_height":0,"ocean_custom_logo_mobile_max_height":0,"ocean_header_custom_menu":"0","ocean_menu_typo_font_family":"0","ocean_menu_typo_font_subset":"","ocean_menu_typo_font_size":0,"ocean_menu_typo_font_size_tablet":0,"ocean_menu_typo_font_size_mobile":0,"ocean_menu_typo_font_size_unit":"px","ocean_menu_typo_font_weight":"","ocean_menu_typo_font_weight_tablet":"","ocean_menu_typo_font_weight_mobile":"","ocean_menu_typo_transform":"","ocean_menu_typo_transform_tablet":"","ocean_menu_typo_transform_mobile":"","ocean_menu_typo_line_height":0,"ocean_menu_typo_line_height_tablet":0,"ocean_menu_typo_line_height_mobile":0,"ocean_menu_typo_line_height_unit":"","ocean_menu_typo_spacing":0,"ocean_menu_typo_spacing_tablet":0,"ocean_menu_typo_spacing_mobile":0,"ocean_menu_typo_spacing_unit":"","ocean_menu_link_color":"","ocean_menu_link_color_hover":"","ocean_menu_link_color_active":"","ocean_menu_link_background":"","ocean_menu_link_hover_background":"","ocean_menu_link_active_background":"","ocean_menu_social_links_bg":"","ocean_menu_social_hover_links_bg":"","ocean_menu_social_links_color":"","ocean_menu_social_hover_links_color":"","ocean_disable_title":"default","ocean_disable_heading":"default","ocean_post_title":"","ocean_post_subheading":"","ocean_post_title_style":"","ocean_post_title_background_color":"","ocean_post_title_background":0,"ocean_post_title_bg_image_position":"","ocean_post_title_bg_image_attachment":"","ocean_post_title_bg_image_repeat":"","ocean_post_title_bg_image_size":"","ocean_post_title_height":0,"ocean_post_title_bg_overlay":0.5,"ocean_post_title_bg_overlay_color":"","ocean_disable_breadcrumbs":"default","ocean_breadcrumbs_color":"","ocean_breadcrumbs_separator_color":"","ocean_breadcrumbs_links_color":"","ocean_breadcrumbs_links_hover_color":"","ocean_display_footer_widgets":"default","ocean_display_footer_bottom":"default","ocean_custom_footer_template":"0","footnotes":""},"class_list":["post-673","page","type-page","status-publish","hentry","entry"],"jetpack_sharing_enabled":true,"_links":{"self":[{"href":"https:\/\/compagniestaccato.com\/index.php\/wp-json\/wp\/v2\/pages\/673","targetHints":{"allow":["GET"]}}],"collection":[{"href":"https:\/\/compagniestaccato.com\/index.php\/wp-json\/wp\/v2\/pages"}],"about":[{"href":"https:\/\/compagniestaccato.com\/index.php\/wp-json\/wp\/v2\/types\/page"}],"author":[{"embeddable":true,"href":"https:\/\/compagniestaccato.com\/index.php\/wp-json\/wp\/v2\/users\/1"}],"replies":[{"embeddable":true,"href":"https:\/\/compagniestaccato.com\/index.php\/wp-json\/wp\/v2\/comments?post=673"}],"version-history":[{"count":12,"href":"https:\/\/compagniestaccato.com\/index.php\/wp-json\/wp\/v2\/pages\/673\/revisions"}],"predecessor-version":[{"id":860,"href":"https:\/\/compagniestaccato.com\/index.php\/wp-json\/wp\/v2\/pages\/673\/revisions\/860"}],"wp:attachment":[{"href":"https:\/\/compagniestaccato.com\/index.php\/wp-json\/wp\/v2\/media?parent=673"}],"curies":[{"name":"wp","href":"https:\/\/api.w.org\/{rel}","templated":true}]}}